{"id":823,"date":"2023-01-04T16:25:32","date_gmt":"2023-01-04T15:25:32","guid":{"rendered":"https:\/\/teremooreabike.naskigo-web82-prod.ngsrv.eu\/blog\/"},"modified":"2023-02-10T14:04:12","modified_gmt":"2023-02-10T13:04:12","slug":"blog","status":"publish","type":"page","link":"https:\/\/www.teremooreabike.com\/en\/blog\/","title":{"rendered":"Blog"},"content":{"rendered":"\t\t<div data-elementor-type=\"wp-page\" data-elementor-id=\"823\" class=\"elementor elementor-823 elementor-395\" data-elementor-post-type=\"page\">\n\t\t\t\t\t\t<section class=\"elementor-section elementor-top-section elementor-element elementor-element-766fe5cc elementor-section-full_width elementor-section-height-default elementor-section-height-default\" data-id=\"766fe5cc\" data-element_type=\"section\" data-e-type=\"section\" data-settings=\"{&quot;background_background&quot;:&quot;classic&quot;}\">\n\t\t\t\t\t\t\t<div class=\"elementor-background-overlay\"><\/div>\n\t\t\t\t\t\t\t<div class=\"elementor-container elementor-column-gap-default\">\n\t\t\t\t\t<div class=\"elementor-column elementor-col-50 elementor-top-column elementor-element elementor-element-7a8957ed\" data-id=\"7a8957ed\" data-element_type=\"column\" data-e-type=\"column\" data-settings=\"{&quot;background_background&quot;:&quot;classic&quot;}\">\n\t\t\t<div class=\"elementor-widget-wrap elementor-element-populated\">\n\t\t\t\t\t<div class=\"elementor-background-overlay\"><\/div>\n\t\t\t\t\t\t<div class=\"elementor-element elementor-element-3162d1ce elementor-widget elementor-widget-heading\" data-id=\"3162d1ce\" data-element_type=\"widget\" data-e-type=\"widget\" data-widget_type=\"heading.default\">\n\t\t\t\t<div class=\"elementor-widget-container\">\n\t\t\t\t\t<h1 class=\"elementor-heading-title elementor-size-default\">Blog<\/h1>\t\t\t\t<\/div>\n\t\t\t\t<\/div>\n\t\t\t\t<div class=\"elementor-element elementor-element-12b30397 elementor-widget elementor-widget-text-editor\" data-id=\"12b30397\" data-element_type=\"widget\" data-e-type=\"widget\" data-widget_type=\"text-editor.default\">\n\t\t\t\t<div class=\"elementor-widget-container\">\n\t\t\t\t\t\t\t\t\t<p>Find here all our advice, tips and itineraries for excursions on the island of Moorea<\/p>\n\t\t\t\t\t\t\t\t<\/div>\n\t\t\t\t<\/div>\n\t\t\t\t\t<\/div>\n\t\t<\/div>\n\t\t\t\t<div class=\"elementor-column elementor-col-50 elementor-top-column elementor-element elementor-element-1de11a10 elementor-hidden-mobile\" data-id=\"1de11a10\" data-element_type=\"column\" data-e-type=\"column\" data-settings=\"{&quot;background_background&quot;:&quot;classic&quot;}\">\n\t\t\t<div class=\"elementor-widget-wrap elementor-element-populated\">\n\t\t\t\t\t<div class=\"elementor-background-overlay\"><\/div>\n\t\t\t\t\t\t<div class=\"elementor-element elementor-element-4b240815 elementor-widget elementor-widget-spacer\" data-id=\"4b240815\" data-element_type=\"widget\" data-e-type=\"widget\" data-widget_type=\"spacer.default\">\n\t\t\t\t<div class=\"elementor-widget-container\">\n\t\t\t\t\t\t\t<div class=\"elementor-spacer\">\n\t\t\t<div class=\"elementor-spacer-inner\"><\/div>\n\t\t<\/div>\n\t\t\t\t\t\t<\/div>\n\t\t\t\t<\/div>\n\t\t\t\t\t<\/div>\n\t\t<\/div>\n\t\t\t\t\t<\/div>\n\t\t<\/section>\n\t\t\t\t<section class=\"elementor-section elementor-top-section elementor-element elementor-element-7bda6bb7 elementor-section-boxed elementor-section-height-default elementor-section-height-default\" data-id=\"7bda6bb7\" data-element_type=\"section\" data-e-type=\"section\" data-settings=\"{&quot;background_background&quot;:&quot;classic&quot;}\">\n\t\t\t\t\t\t<div class=\"elementor-container elementor-column-gap-default\">\n\t\t\t\t\t<div class=\"elementor-column elementor-col-100 elementor-top-column elementor-element elementor-element-7e1833f5 elementor-invisible\" data-id=\"7e1833f5\" data-element_type=\"column\" data-e-type=\"column\" data-settings=\"{&quot;animation&quot;:&quot;fadeInUp&quot;}\">\n\t\t\t<div class=\"elementor-widget-wrap elementor-element-populated\">\n\t\t\t\t\t\t<div class=\"elementor-element elementor-element-454ce4f elementor-widget elementor-widget-qi_addons_for_elementor_blog_list\" data-id=\"454ce4f\" data-element_type=\"widget\" data-e-type=\"widget\" data-widget_type=\"qi_addons_for_elementor_blog_list.default\">\n\t\t\t\t<div class=\"elementor-widget-container\">\n\t\t\t\t\t<div class=\"qodef-shortcode qodef-m qodef-addons-blog-list qodef-info-no-icons qodef-image--hover-zoom qodef-qi-grid qodef-layout--qi-columns qodef-col-num--3 qodef-item-layout--boxed qodef-responsive--predefined\" >\n\t<div class=\"qodef-grid-inner\">\n\t\t<p class=\"qodef-m-posts-not-found qodef-grid-item\">No posts were found for provided query parameters.<\/p>\n\t<\/div>\n\t<\/div>\n\t\t\t\t<\/div>\n\t\t\t\t<\/div>\n\t\t\t\t\t<\/div>\n\t\t<\/div>\n\t\t\t\t\t<\/div>\n\t\t<\/section>\n\t\t\t\t<\/div>\n\t\t","protected":false},"excerpt":{"rendered":"<p>Blog Find here all our advice, tips and itineraries for excursions on the island of Moorea Aucun article n\u2019a \u00e9t\u00e9 trouv\u00e9 pour les param\u00e8tres de requ\u00eate fournis.<\/p>\n","protected":false},"author":1,"featured_media":0,"parent":0,"menu_order":0,"comment_status":"closed","ping_status":"closed","template":"elementor_header_footer","meta":{"footnotes":""},"class_list":["post-823","page","type-page","status-publish","hentry"],"yoast_head":"<!-- This site is optimized with the Yoast SEO plugin v27.3 - https:\/\/yoast.com\/product\/yoast-seo-wordpress\/ -->\n<title>Blog - Tere Moorea Bike - Location de v\u00e9lo \u00e9lectrique \u00e0 Moorea<\/title>\n<meta name=\"description\" content=\"Some ideas for walks and discovery of the island of Moorea by electric bike. Find the best routes and tips.\" \/>\n<meta name=\"robots\" content=\"index, follow, max-snippet:-1, max-image-preview:large, max-video-preview:-1\" \/>\n<link rel=\"canonical\" href=\"https:\/\/www.teremooreabike.com\/en\/blog\/\" \/>\n<meta property=\"og:locale\" content=\"en_US\" \/>\n<meta property=\"og:type\" content=\"article\" \/>\n<meta property=\"og:title\" content=\"Blog - Tere Moorea Bike - Location de v\u00e9lo \u00e9lectrique \u00e0 Moorea\" \/>\n<meta property=\"og:description\" content=\"Some ideas for walks and discovery of the island of Moorea by electric bike. Find the best routes and tips.\" \/>\n<meta property=\"og:url\" content=\"https:\/\/www.teremooreabike.com\/en\/blog\/\" \/>\n<meta property=\"og:site_name\" content=\"Tere Moorea Bike - Location de v\u00e9lo \u00e9lectrique \u00e0 Moorea\" \/>\n<meta property=\"article:publisher\" content=\"https:\/\/www.facebook.com\/profile.php?id=100088129905100\" \/>\n<meta property=\"article:modified_time\" content=\"2023-02-10T13:04:12+00:00\" \/>\n<meta name=\"twitter:card\" content=\"summary_large_image\" \/>\n<script type=\"application\/ld+json\" class=\"yoast-schema-graph\">{\"@context\":\"https:\\\/\\\/schema.org\",\"@graph\":[{\"@type\":\"WebPage\",\"@id\":\"https:\\\/\\\/www.teremooreabike.com\\\/en\\\/blog\\\/\",\"url\":\"https:\\\/\\\/www.teremooreabike.com\\\/en\\\/blog\\\/\",\"name\":\"Blog - Tere Moorea Bike - Location de v\u00e9lo \u00e9lectrique \u00e0 Moorea\",\"isPartOf\":{\"@id\":\"https:\\\/\\\/www.teremooreabike.com\\\/en\\\/#website\"},\"datePublished\":\"2023-01-04T15:25:32+00:00\",\"dateModified\":\"2023-02-10T13:04:12+00:00\",\"description\":\"Some ideas for walks and discovery of the island of Moorea by electric bike. Find the best routes and tips.\",\"breadcrumb\":{\"@id\":\"https:\\\/\\\/www.teremooreabike.com\\\/en\\\/blog\\\/#breadcrumb\"},\"inLanguage\":\"en-US\",\"potentialAction\":[{\"@type\":\"ReadAction\",\"target\":[\"https:\\\/\\\/www.teremooreabike.com\\\/en\\\/blog\\\/\"]}]},{\"@type\":\"BreadcrumbList\",\"@id\":\"https:\\\/\\\/www.teremooreabike.com\\\/en\\\/blog\\\/#breadcrumb\",\"itemListElement\":[{\"@type\":\"ListItem\",\"position\":1,\"name\":\"Accueil\",\"item\":\"https:\\\/\\\/www.teremooreabike.com\\\/en\\\/home\\\/\"},{\"@type\":\"ListItem\",\"position\":2,\"name\":\"Blog\"}]},{\"@type\":\"WebSite\",\"@id\":\"https:\\\/\\\/www.teremooreabike.com\\\/en\\\/#website\",\"url\":\"https:\\\/\\\/www.teremooreabike.com\\\/en\\\/\",\"name\":\"Tere Moorea Bike - Location de v\u00e9lo \u00e9lectrique \u00e0 Moorea\",\"description\":\"\",\"publisher\":{\"@id\":\"https:\\\/\\\/www.teremooreabike.com\\\/en\\\/#organization\"},\"potentialAction\":[{\"@type\":\"SearchAction\",\"target\":{\"@type\":\"EntryPoint\",\"urlTemplate\":\"https:\\\/\\\/www.teremooreabike.com\\\/en\\\/?s={search_term_string}\"},\"query-input\":{\"@type\":\"PropertyValueSpecification\",\"valueRequired\":true,\"valueName\":\"search_term_string\"}}],\"inLanguage\":\"en-US\"},{\"@type\":\"Organization\",\"@id\":\"https:\\\/\\\/www.teremooreabike.com\\\/en\\\/#organization\",\"name\":\"Tere Moorea Bike - Location de v\u00e9lo \u00e9lectrique \u00e0 Moorea\",\"url\":\"https:\\\/\\\/www.teremooreabike.com\\\/en\\\/\",\"logo\":{\"@type\":\"ImageObject\",\"inLanguage\":\"en-US\",\"@id\":\"https:\\\/\\\/www.teremooreabike.com\\\/en\\\/#\\\/schema\\\/logo\\\/image\\\/\",\"url\":\"https:\\\/\\\/www.teremooreabike.com\\\/wp-content\\\/uploads\\\/2023\\\/01\\\/tere-moorea-bike-logo.png\",\"contentUrl\":\"https:\\\/\\\/www.teremooreabike.com\\\/wp-content\\\/uploads\\\/2023\\\/01\\\/tere-moorea-bike-logo.png\",\"width\":300,\"height\":300,\"caption\":\"Tere Moorea Bike - Location de v\u00e9lo \u00e9lectrique \u00e0 Moorea\"},\"image\":{\"@id\":\"https:\\\/\\\/www.teremooreabike.com\\\/en\\\/#\\\/schema\\\/logo\\\/image\\\/\"},\"sameAs\":[\"https:\\\/\\\/www.facebook.com\\\/profile.php?id=100088129905100\",\"https:\\\/\\\/www.instagram.com\\\/tere_moorea_bike\\\/\"]}]}<\/script>\n<!-- \/ Yoast SEO plugin. -->","yoast_head_json":{"title":"Blog - Tere Moorea Bike - Location de v\u00e9lo \u00e9lectrique \u00e0 Moorea","description":"Some ideas for walks and discovery of the island of Moorea by electric bike. Find the best routes and tips.","robots":{"index":"index","follow":"follow","max-snippet":"max-snippet:-1","max-image-preview":"max-image-preview:large","max-video-preview":"max-video-preview:-1"},"canonical":"https:\/\/www.teremooreabike.com\/en\/blog\/","og_locale":"en_US","og_type":"article","og_title":"Blog - Tere Moorea Bike - Location de v\u00e9lo \u00e9lectrique \u00e0 Moorea","og_description":"Some ideas for walks and discovery of the island of Moorea by electric bike. Find the best routes and tips.","og_url":"https:\/\/www.teremooreabike.com\/en\/blog\/","og_site_name":"Tere Moorea Bike - Location de v\u00e9lo \u00e9lectrique \u00e0 Moorea","article_publisher":"https:\/\/www.facebook.com\/profile.php?id=100088129905100","article_modified_time":"2023-02-10T13:04:12+00:00","twitter_card":"summary_large_image","schema":{"@context":"https:\/\/schema.org","@graph":[{"@type":"WebPage","@id":"https:\/\/www.teremooreabike.com\/en\/blog\/","url":"https:\/\/www.teremooreabike.com\/en\/blog\/","name":"Blog - Tere Moorea Bike - Location de v\u00e9lo \u00e9lectrique \u00e0 Moorea","isPartOf":{"@id":"https:\/\/www.teremooreabike.com\/en\/#website"},"datePublished":"2023-01-04T15:25:32+00:00","dateModified":"2023-02-10T13:04:12+00:00","description":"Some ideas for walks and discovery of the island of Moorea by electric bike. Find the best routes and tips.","breadcrumb":{"@id":"https:\/\/www.teremooreabike.com\/en\/blog\/#breadcrumb"},"inLanguage":"en-US","potentialAction":[{"@type":"ReadAction","target":["https:\/\/www.teremooreabike.com\/en\/blog\/"]}]},{"@type":"BreadcrumbList","@id":"https:\/\/www.teremooreabike.com\/en\/blog\/#breadcrumb","itemListElement":[{"@type":"ListItem","position":1,"name":"Accueil","item":"https:\/\/www.teremooreabike.com\/en\/home\/"},{"@type":"ListItem","position":2,"name":"Blog"}]},{"@type":"WebSite","@id":"https:\/\/www.teremooreabike.com\/en\/#website","url":"https:\/\/www.teremooreabike.com\/en\/","name":"Tere Moorea Bike - Location de v\u00e9lo \u00e9lectrique \u00e0 Moorea","description":"","publisher":{"@id":"https:\/\/www.teremooreabike.com\/en\/#organization"},"potentialAction":[{"@type":"SearchAction","target":{"@type":"EntryPoint","urlTemplate":"https:\/\/www.teremooreabike.com\/en\/?s={search_term_string}"},"query-input":{"@type":"PropertyValueSpecification","valueRequired":true,"valueName":"search_term_string"}}],"inLanguage":"en-US"},{"@type":"Organization","@id":"https:\/\/www.teremooreabike.com\/en\/#organization","name":"Tere Moorea Bike - Location de v\u00e9lo \u00e9lectrique \u00e0 Moorea","url":"https:\/\/www.teremooreabike.com\/en\/","logo":{"@type":"ImageObject","inLanguage":"en-US","@id":"https:\/\/www.teremooreabike.com\/en\/#\/schema\/logo\/image\/","url":"https:\/\/www.teremooreabike.com\/wp-content\/uploads\/2023\/01\/tere-moorea-bike-logo.png","contentUrl":"https:\/\/www.teremooreabike.com\/wp-content\/uploads\/2023\/01\/tere-moorea-bike-logo.png","width":300,"height":300,"caption":"Tere Moorea Bike - Location de v\u00e9lo \u00e9lectrique \u00e0 Moorea"},"image":{"@id":"https:\/\/www.teremooreabike.com\/en\/#\/schema\/logo\/image\/"},"sameAs":["https:\/\/www.facebook.com\/profile.php?id=100088129905100","https:\/\/www.instagram.com\/tere_moorea_bike\/"]}]}},"_links":{"self":[{"href":"https:\/\/www.teremooreabike.com\/en\/wp-json\/wp\/v2\/pages\/823","targetHints":{"allow":["GET"]}}],"collection":[{"href":"https:\/\/www.teremooreabike.com\/en\/wp-json\/wp\/v2\/pages"}],"about":[{"href":"https:\/\/www.teremooreabike.com\/en\/wp-json\/wp\/v2\/types\/page"}],"author":[{"embeddable":true,"href":"https:\/\/www.teremooreabike.com\/en\/wp-json\/wp\/v2\/users\/1"}],"replies":[{"embeddable":true,"href":"https:\/\/www.teremooreabike.com\/en\/wp-json\/wp\/v2\/comments?post=823"}],"version-history":[{"count":5,"href":"https:\/\/www.teremooreabike.com\/en\/wp-json\/wp\/v2\/pages\/823\/revisions"}],"predecessor-version":[{"id":900,"href":"https:\/\/www.teremooreabike.com\/en\/wp-json\/wp\/v2\/pages\/823\/revisions\/900"}],"wp:attachment":[{"href":"https:\/\/www.teremooreabike.com\/en\/wp-json\/wp\/v2\/media?parent=823"}],"curies":[{"name":"wp","href":"https:\/\/api.w.org\/{rel}","templated":true}]}}