{"id":803,"date":"2023-01-03T19:33:27","date_gmt":"2023-01-03T18:33:27","guid":{"rendered":"https:\/\/teremooreabike.naskigo-web82-prod.ngsrv.eu\/prices\/"},"modified":"2025-11-21T05:55:20","modified_gmt":"2025-11-21T04:55:20","slug":"prices","status":"publish","type":"page","link":"https:\/\/www.teremooreabike.com\/en\/prices\/","title":{"rendered":"Prices"},"content":{"rendered":"\t\t<div data-elementor-type=\"wp-page\" data-elementor-id=\"803\" class=\"elementor elementor-803 elementor-160\" data-elementor-post-type=\"page\">\n\t\t\t\t\t\t<section class=\"elementor-section elementor-top-section elementor-element elementor-element-54f7dca9 elementor-section-full_width elementor-section-height-default elementor-section-height-default\" data-id=\"54f7dca9\" data-element_type=\"section\" data-e-type=\"section\" data-settings=\"{&quot;background_background&quot;:&quot;classic&quot;}\">\n\t\t\t\t\t\t\t<div class=\"elementor-background-overlay\"><\/div>\n\t\t\t\t\t\t\t<div class=\"elementor-container elementor-column-gap-default\">\n\t\t\t\t\t<div class=\"elementor-column elementor-col-50 elementor-top-column elementor-element elementor-element-1f59788a\" data-id=\"1f59788a\" data-element_type=\"column\" data-e-type=\"column\" data-settings=\"{&quot;background_background&quot;:&quot;classic&quot;}\">\n\t\t\t<div class=\"elementor-widget-wrap elementor-element-populated\">\n\t\t\t\t\t<div class=\"elementor-background-overlay\"><\/div>\n\t\t\t\t\t\t<div class=\"elementor-element elementor-element-744ab62e elementor-widget elementor-widget-heading\" data-id=\"744ab62e\" data-element_type=\"widget\" data-e-type=\"widget\" data-widget_type=\"heading.default\">\n\t\t\t\t<div class=\"elementor-widget-container\">\n\t\t\t\t\t<h1 class=\"elementor-heading-title elementor-size-default\">Electric bike rental rates in Moorea<\/h1>\t\t\t\t<\/div>\n\t\t\t\t<\/div>\n\t\t\t\t<div class=\"elementor-element elementor-element-6f1f1e6b elementor-widget elementor-widget-text-editor\" data-id=\"6f1f1e6b\" data-element_type=\"widget\" data-e-type=\"widget\" data-widget_type=\"text-editor.default\">\n\t\t\t\t<div class=\"elementor-widget-container\">\n\t\t\t\t\t\t\t\t\t<p>Moor\u00e9a, French Polynesia<\/p>\n\t\t\t\t\t\t\t\t<\/div>\n\t\t\t\t<\/div>\n\t\t\t\t\t<\/div>\n\t\t<\/div>\n\t\t\t\t<div class=\"elementor-column elementor-col-50 elementor-top-column elementor-element elementor-element-3fd4315e elementor-hidden-mobile\" data-id=\"3fd4315e\" data-element_type=\"column\" data-e-type=\"column\" data-settings=\"{&quot;background_background&quot;:&quot;classic&quot;}\">\n\t\t\t<div class=\"elementor-widget-wrap elementor-element-populated\">\n\t\t\t\t\t<div class=\"elementor-background-overlay\"><\/div>\n\t\t\t\t\t\t<div class=\"elementor-element elementor-element-1c447ef elementor-widget elementor-widget-spacer\" data-id=\"1c447ef\" data-element_type=\"widget\" data-e-type=\"widget\" data-widget_type=\"spacer.default\">\n\t\t\t\t<div class=\"elementor-widget-container\">\n\t\t\t\t\t\t\t<div class=\"elementor-spacer\">\n\t\t\t<div class=\"elementor-spacer-inner\"><\/div>\n\t\t<\/div>\n\t\t\t\t\t\t<\/div>\n\t\t\t\t<\/div>\n\t\t\t\t\t<\/div>\n\t\t<\/div>\n\t\t\t\t\t<\/div>\n\t\t<\/section>\n\t\t\t\t<section class=\"elementor-section elementor-top-section elementor-element elementor-element-90762fc elementor-section-boxed elementor-section-height-default elementor-section-height-default\" data-id=\"90762fc\" data-element_type=\"section\" data-e-type=\"section\">\n\t\t\t\t\t\t<div class=\"elementor-container elementor-column-gap-default\">\n\t\t\t\t\t<div class=\"elementor-column elementor-col-100 elementor-top-column elementor-element elementor-element-b7cd884\" data-id=\"b7cd884\" data-element_type=\"column\" data-e-type=\"column\">\n\t\t\t<div class=\"elementor-widget-wrap elementor-element-populated\">\n\t\t\t\t\t\t<div class=\"elementor-element elementor-element-b10cd0c elementor-widget elementor-widget-text-editor\" data-id=\"b10cd0c\" data-element_type=\"widget\" data-e-type=\"widget\" data-widget_type=\"text-editor.default\">\n\t\t\t\t<div class=\"elementor-widget-container\">\n\t\t\t\t\t\t\t\t\t<p>Discover the prices of our electric bike rental formulas below. Here you can select your package and complete your online reservation request.&nbsp;<\/p><p><span style=\"color: #97a253;\"><strong>Price for additional day 4 000 XPF (34\u20ac \/ 40$)<\/strong><\/span>.<\/p><p>Price on quote for long-terms request.<\/p>\n<p style=\"text-align: left;\"><strong><span style=\"color: #97a253;\">10% discount for people travelling all around the world !<\/span><\/strong><\/p>\t\t\t\t\t\t\t\t<\/div>\n\t\t\t\t<\/div>\n\t\t\t\t\t<\/div>\n\t\t<\/div>\n\t\t\t\t\t<\/div>\n\t\t<\/section>\n\t\t\t\t<section class=\"elementor-section elementor-inner-section elementor-element elementor-element-1d25a6ce elementor-section-boxed elementor-section-height-default elementor-section-height-default\" data-id=\"1d25a6ce\" data-element_type=\"section\" data-e-type=\"section\">\n\t\t\t\t\t\t<div class=\"elementor-container elementor-column-gap-default\">\n\t\t\t\t\t<div class=\"elementor-column elementor-col-33 elementor-inner-column elementor-element elementor-element-785f0159\" data-id=\"785f0159\" data-element_type=\"column\" data-e-type=\"column\" data-settings=\"{&quot;background_background&quot;:&quot;classic&quot;}\">\n\t\t\t<div class=\"elementor-widget-wrap elementor-element-populated\">\n\t\t\t\t\t\t<div class=\"elementor-element elementor-element-40bc3065 elementor-widget elementor-widget-heading\" data-id=\"40bc3065\" data-element_type=\"widget\" data-e-type=\"widget\" data-widget_type=\"heading.default\">\n\t\t\t\t<div class=\"elementor-widget-container\">\n\t\t\t\t\t<h2 class=\"elementor-heading-title elementor-size-default\">Half day<\/h2>\t\t\t\t<\/div>\n\t\t\t\t<\/div>\n\t\t\t\t<div class=\"elementor-element elementor-element-1bced7be elementor-widget__width-auto elementor-widget elementor-widget-heading\" data-id=\"1bced7be\" data-element_type=\"widget\" data-e-type=\"widget\" data-widget_type=\"heading.default\">\n\t\t\t\t<div class=\"elementor-widget-container\">\n\t\t\t\t\t<h2 class=\"elementor-heading-title elementor-size-default\">4 000 XPF<\/h2>\t\t\t\t<\/div>\n\t\t\t\t<\/div>\n\t\t\t\t<div class=\"elementor-element elementor-element-6c08ce4b elementor-widget elementor-widget-text-editor\" data-id=\"6c08ce4b\" data-element_type=\"widget\" data-e-type=\"widget\" data-widget_type=\"text-editor.default\">\n\t\t\t\t<div class=\"elementor-widget-container\">\n\t\t\t\t\t\t\t\t\t<p>4 hours<\/p>\n<p style=\"text-align: center;\">34 \u20ac \/ 40 $<\/p>\n\t\t\t\t\t\t\t\t<\/div>\n\t\t\t\t<\/div>\n\t\t\t\t<div class=\"elementor-element elementor-element-7f8513e8 elementor-align-center elementor-tablet-align-left elementor-mobile-align-center elementor-widget elementor-widget-button\" data-id=\"7f8513e8\" data-element_type=\"widget\" data-e-type=\"widget\" data-widget_type=\"button.default\">\n\t\t\t\t<div class=\"elementor-widget-container\">\n\t\t\t\t\t\t\t\t\t<div class=\"elementor-button-wrapper\">\n\t\t\t\t\t<a class=\"elementor-button elementor-button-link elementor-size-sm\" href=\"https:\/\/www.teremooreabike.com\/en\/info-and-reservations\/\">\n\t\t\t\t\t\t<span class=\"elementor-button-content-wrapper\">\n\t\t\t\t\t\t<span class=\"elementor-button-icon\">\n\t\t\t\t<i aria-hidden=\"true\" class=\"fas fa-arrow-right\"><\/i>\t\t\t<\/span>\n\t\t\t\t\t\t\t\t\t<span class=\"elementor-button-text\">Book<\/span>\n\t\t\t\t\t<\/span>\n\t\t\t\t\t<\/a>\n\t\t\t\t<\/div>\n\t\t\t\t\t\t\t\t<\/div>\n\t\t\t\t<\/div>\n\t\t\t\t\t<\/div>\n\t\t<\/div>\n\t\t\t\t<div class=\"elementor-column elementor-col-33 elementor-inner-column elementor-element elementor-element-828242f\" data-id=\"828242f\" data-element_type=\"column\" data-e-type=\"column\" data-settings=\"{&quot;background_background&quot;:&quot;classic&quot;}\">\n\t\t\t<div class=\"elementor-widget-wrap elementor-element-populated\">\n\t\t\t\t\t\t<div class=\"elementor-element elementor-element-4bee7d6 elementor-widget elementor-widget-heading\" data-id=\"4bee7d6\" data-element_type=\"widget\" data-e-type=\"widget\" data-widget_type=\"heading.default\">\n\t\t\t\t<div class=\"elementor-widget-container\">\n\t\t\t\t\t<h2 class=\"elementor-heading-title elementor-size-default\">Day<\/h2>\t\t\t\t<\/div>\n\t\t\t\t<\/div>\n\t\t\t\t<div class=\"elementor-element elementor-element-9ea60ea elementor-widget__width-auto elementor-widget elementor-widget-heading\" data-id=\"9ea60ea\" data-element_type=\"widget\" data-e-type=\"widget\" data-widget_type=\"heading.default\">\n\t\t\t\t<div class=\"elementor-widget-container\">\n\t\t\t\t\t<h2 class=\"elementor-heading-title elementor-size-default\">5 500 XPF<\/h2>\t\t\t\t<\/div>\n\t\t\t\t<\/div>\n\t\t\t\t<div class=\"elementor-element elementor-element-3d9fe5d elementor-widget elementor-widget-text-editor\" data-id=\"3d9fe5d\" data-element_type=\"widget\" data-e-type=\"widget\" data-widget_type=\"text-editor.default\">\n\t\t\t\t<div class=\"elementor-widget-container\">\n\t\t\t\t\t\t\t\t\t<p>46 \u20ac \/ 55 $<\/p>\t\t\t\t\t\t\t\t<\/div>\n\t\t\t\t<\/div>\n\t\t\t\t<div class=\"elementor-element elementor-element-e145ba5 elementor-align-center elementor-tablet-align-left elementor-mobile-align-center elementor-widget elementor-widget-button\" data-id=\"e145ba5\" data-element_type=\"widget\" data-e-type=\"widget\" data-widget_type=\"button.default\">\n\t\t\t\t<div class=\"elementor-widget-container\">\n\t\t\t\t\t\t\t\t\t<div class=\"elementor-button-wrapper\">\n\t\t\t\t\t<a class=\"elementor-button elementor-button-link elementor-size-sm\" href=\"https:\/\/www.teremooreabike.com\/en\/info-and-reservations\/\">\n\t\t\t\t\t\t<span class=\"elementor-button-content-wrapper\">\n\t\t\t\t\t\t<span class=\"elementor-button-icon\">\n\t\t\t\t<i aria-hidden=\"true\" class=\"fas fa-arrow-right\"><\/i>\t\t\t<\/span>\n\t\t\t\t\t\t\t\t\t<span class=\"elementor-button-text\">Book<\/span>\n\t\t\t\t\t<\/span>\n\t\t\t\t\t<\/a>\n\t\t\t\t<\/div>\n\t\t\t\t\t\t\t\t<\/div>\n\t\t\t\t<\/div>\n\t\t\t\t\t<\/div>\n\t\t<\/div>\n\t\t\t\t<div class=\"elementor-column elementor-col-33 elementor-inner-column elementor-element elementor-element-3cf1dc9\" data-id=\"3cf1dc9\" data-element_type=\"column\" data-e-type=\"column\" data-settings=\"{&quot;background_background&quot;:&quot;classic&quot;}\">\n\t\t\t<div class=\"elementor-widget-wrap elementor-element-populated\">\n\t\t\t\t\t\t<div class=\"elementor-element elementor-element-f11b73d elementor-widget elementor-widget-heading\" data-id=\"f11b73d\" data-element_type=\"widget\" data-e-type=\"widget\" data-widget_type=\"heading.default\">\n\t\t\t\t<div class=\"elementor-widget-container\">\n\t\t\t\t\t<h2 class=\"elementor-heading-title elementor-size-default\">Couple package<\/h2>\t\t\t\t<\/div>\n\t\t\t\t<\/div>\n\t\t\t\t<div class=\"elementor-element elementor-element-aeddf4c elementor-widget__width-auto elementor-widget elementor-widget-heading\" data-id=\"aeddf4c\" data-element_type=\"widget\" data-e-type=\"widget\" data-widget_type=\"heading.default\">\n\t\t\t\t<div class=\"elementor-widget-container\">\n\t\t\t\t\t<h2 class=\"elementor-heading-title elementor-size-default\">10000 XPF<\/h2>\t\t\t\t<\/div>\n\t\t\t\t<\/div>\n\t\t\t\t<div class=\"elementor-element elementor-element-c70b333 elementor-widget elementor-widget-text-editor\" data-id=\"c70b333\" data-element_type=\"widget\" data-e-type=\"widget\" data-widget_type=\"text-editor.default\">\n\t\t\t\t<div class=\"elementor-widget-container\">\n\t\t\t\t\t\t\t\t\t<p>2 bikes for the day<\/p><p>84 \u20ac \/ 100 $<\/p>\t\t\t\t\t\t\t\t<\/div>\n\t\t\t\t<\/div>\n\t\t\t\t<div class=\"elementor-element elementor-element-62bbf87 elementor-align-left elementor-tablet-align-left elementor-mobile-align-center elementor-widget elementor-widget-button\" data-id=\"62bbf87\" data-element_type=\"widget\" data-e-type=\"widget\" data-widget_type=\"button.default\">\n\t\t\t\t<div class=\"elementor-widget-container\">\n\t\t\t\t\t\t\t\t\t<div class=\"elementor-button-wrapper\">\n\t\t\t\t\t<a class=\"elementor-button elementor-button-link elementor-size-sm\" href=\"https:\/\/www.teremooreabike.com\/en\/info-and-reservations\/\">\n\t\t\t\t\t\t<span class=\"elementor-button-content-wrapper\">\n\t\t\t\t\t\t<span class=\"elementor-button-icon\">\n\t\t\t\t<i aria-hidden=\"true\" class=\"fas fa-arrow-right\"><\/i>\t\t\t<\/span>\n\t\t\t\t\t\t\t\t\t<span class=\"elementor-button-text\">Book<\/span>\n\t\t\t\t\t<\/span>\n\t\t\t\t\t<\/a>\n\t\t\t\t<\/div>\n\t\t\t\t\t\t\t\t<\/div>\n\t\t\t\t<\/div>\n\t\t\t\t\t<\/div>\n\t\t<\/div>\n\t\t\t\t\t<\/div>\n\t\t<\/section>\n\t\t\t\t<\/div>\n\t\t","protected":false},"excerpt":{"rendered":"<p>Electric bike rental rates in Moorea Moor\u00e9a, French Polynesia Discover the prices of our electric bike rental formulas below. Here you can select your package and complete your online reservation request.&nbsp; Price for additional day 4 000 XPF (34\u20ac \/ 40$). Price on quote for long-terms request. 10% discount for people travelling all around the [&hellip;]<\/p>\n","protected":false},"author":1,"featured_media":0,"parent":0,"menu_order":0,"comment_status":"closed","ping_status":"closed","template":"elementor_header_footer","meta":{"footnotes":""},"class_list":["post-803","page","type-page","status-publish","hentry"],"yoast_head":"<!-- This site is optimized with the Yoast SEO plugin v27.3 - https:\/\/yoast.com\/product\/yoast-seo-wordpress\/ -->\n<title>Prices - Tere Moorea Bike - Location de v\u00e9lo \u00e9lectrique \u00e0 Moorea<\/title>\n<meta name=\"description\" content=\"Rent an electric bike in Moorea from 4000 XPF. Discover our formulas and rates for renting electric bikes in Moorea.\" \/>\n<meta name=\"robots\" content=\"index, follow, max-snippet:-1, max-image-preview:large, max-video-preview:-1\" \/>\n<link rel=\"canonical\" href=\"https:\/\/www.teremooreabike.com\/en\/prices\/\" \/>\n<meta property=\"og:locale\" content=\"en_US\" \/>\n<meta property=\"og:type\" content=\"article\" \/>\n<meta property=\"og:title\" content=\"Prices - Tere Moorea Bike - Location de v\u00e9lo \u00e9lectrique \u00e0 Moorea\" \/>\n<meta property=\"og:description\" content=\"Rent an electric bike in Moorea from 4000 XPF. Discover our formulas and rates for renting electric bikes in Moorea.\" \/>\n<meta property=\"og:url\" content=\"https:\/\/www.teremooreabike.com\/en\/prices\/\" \/>\n<meta property=\"og:site_name\" content=\"Tere Moorea Bike - Location de v\u00e9lo \u00e9lectrique \u00e0 Moorea\" \/>\n<meta property=\"article:publisher\" content=\"https:\/\/www.facebook.com\/profile.php?id=100088129905100\" \/>\n<meta property=\"article:modified_time\" content=\"2025-11-21T04:55:20+00:00\" \/>\n<meta name=\"twitter:card\" content=\"summary_large_image\" \/>\n<meta name=\"twitter:label1\" content=\"Est. reading time\" \/>\n\t<meta name=\"twitter:data1\" content=\"1 minute\" \/>\n<script type=\"application\/ld+json\" class=\"yoast-schema-graph\">{\"@context\":\"https:\\\/\\\/schema.org\",\"@graph\":[{\"@type\":\"WebPage\",\"@id\":\"https:\\\/\\\/www.teremooreabike.com\\\/en\\\/prices\\\/\",\"url\":\"https:\\\/\\\/www.teremooreabike.com\\\/en\\\/prices\\\/\",\"name\":\"Prices - Tere Moorea Bike - Location de v\u00e9lo \u00e9lectrique \u00e0 Moorea\",\"isPartOf\":{\"@id\":\"https:\\\/\\\/www.teremooreabike.com\\\/en\\\/#website\"},\"datePublished\":\"2023-01-03T18:33:27+00:00\",\"dateModified\":\"2025-11-21T04:55:20+00:00\",\"description\":\"Rent an electric bike in Moorea from 4000 XPF. Discover our formulas and rates for renting electric bikes in Moorea.\",\"breadcrumb\":{\"@id\":\"https:\\\/\\\/www.teremooreabike.com\\\/en\\\/prices\\\/#breadcrumb\"},\"inLanguage\":\"en-US\",\"potentialAction\":[{\"@type\":\"ReadAction\",\"target\":[\"https:\\\/\\\/www.teremooreabike.com\\\/en\\\/prices\\\/\"]}]},{\"@type\":\"BreadcrumbList\",\"@id\":\"https:\\\/\\\/www.teremooreabike.com\\\/en\\\/prices\\\/#breadcrumb\",\"itemListElement\":[{\"@type\":\"ListItem\",\"position\":1,\"name\":\"Accueil\",\"item\":\"https:\\\/\\\/www.teremooreabike.com\\\/en\\\/home\\\/\"},{\"@type\":\"ListItem\",\"position\":2,\"name\":\"Prices\"}]},{\"@type\":\"WebSite\",\"@id\":\"https:\\\/\\\/www.teremooreabike.com\\\/en\\\/#website\",\"url\":\"https:\\\/\\\/www.teremooreabike.com\\\/en\\\/\",\"name\":\"Tere Moorea Bike - Location de v\u00e9lo \u00e9lectrique \u00e0 Moorea\",\"description\":\"\",\"publisher\":{\"@id\":\"https:\\\/\\\/www.teremooreabike.com\\\/en\\\/#organization\"},\"potentialAction\":[{\"@type\":\"SearchAction\",\"target\":{\"@type\":\"EntryPoint\",\"urlTemplate\":\"https:\\\/\\\/www.teremooreabike.com\\\/en\\\/?s={search_term_string}\"},\"query-input\":{\"@type\":\"PropertyValueSpecification\",\"valueRequired\":true,\"valueName\":\"search_term_string\"}}],\"inLanguage\":\"en-US\"},{\"@type\":\"Organization\",\"@id\":\"https:\\\/\\\/www.teremooreabike.com\\\/en\\\/#organization\",\"name\":\"Tere Moorea Bike - Location de v\u00e9lo \u00e9lectrique \u00e0 Moorea\",\"url\":\"https:\\\/\\\/www.teremooreabike.com\\\/en\\\/\",\"logo\":{\"@type\":\"ImageObject\",\"inLanguage\":\"en-US\",\"@id\":\"https:\\\/\\\/www.teremooreabike.com\\\/en\\\/#\\\/schema\\\/logo\\\/image\\\/\",\"url\":\"https:\\\/\\\/www.teremooreabike.com\\\/wp-content\\\/uploads\\\/2023\\\/01\\\/tere-moorea-bike-logo.png\",\"contentUrl\":\"https:\\\/\\\/www.teremooreabike.com\\\/wp-content\\\/uploads\\\/2023\\\/01\\\/tere-moorea-bike-logo.png\",\"width\":300,\"height\":300,\"caption\":\"Tere Moorea Bike - Location de v\u00e9lo \u00e9lectrique \u00e0 Moorea\"},\"image\":{\"@id\":\"https:\\\/\\\/www.teremooreabike.com\\\/en\\\/#\\\/schema\\\/logo\\\/image\\\/\"},\"sameAs\":[\"https:\\\/\\\/www.facebook.com\\\/profile.php?id=100088129905100\",\"https:\\\/\\\/www.instagram.com\\\/tere_moorea_bike\\\/\"]}]}<\/script>\n<!-- \/ Yoast SEO plugin. -->","yoast_head_json":{"title":"Prices - Tere Moorea Bike - Location de v\u00e9lo \u00e9lectrique \u00e0 Moorea","description":"Rent an electric bike in Moorea from 4000 XPF. Discover our formulas and rates for renting electric bikes in Moorea.","robots":{"index":"index","follow":"follow","max-snippet":"max-snippet:-1","max-image-preview":"max-image-preview:large","max-video-preview":"max-video-preview:-1"},"canonical":"https:\/\/www.teremooreabike.com\/en\/prices\/","og_locale":"en_US","og_type":"article","og_title":"Prices - Tere Moorea Bike - Location de v\u00e9lo \u00e9lectrique \u00e0 Moorea","og_description":"Rent an electric bike in Moorea from 4000 XPF. Discover our formulas and rates for renting electric bikes in Moorea.","og_url":"https:\/\/www.teremooreabike.com\/en\/prices\/","og_site_name":"Tere Moorea Bike - Location de v\u00e9lo \u00e9lectrique \u00e0 Moorea","article_publisher":"https:\/\/www.facebook.com\/profile.php?id=100088129905100","article_modified_time":"2025-11-21T04:55:20+00:00","twitter_card":"summary_large_image","twitter_misc":{"Est. reading time":"1 minute"},"schema":{"@context":"https:\/\/schema.org","@graph":[{"@type":"WebPage","@id":"https:\/\/www.teremooreabike.com\/en\/prices\/","url":"https:\/\/www.teremooreabike.com\/en\/prices\/","name":"Prices - Tere Moorea Bike - Location de v\u00e9lo \u00e9lectrique \u00e0 Moorea","isPartOf":{"@id":"https:\/\/www.teremooreabike.com\/en\/#website"},"datePublished":"2023-01-03T18:33:27+00:00","dateModified":"2025-11-21T04:55:20+00:00","description":"Rent an electric bike in Moorea from 4000 XPF. Discover our formulas and rates for renting electric bikes in Moorea.","breadcrumb":{"@id":"https:\/\/www.teremooreabike.com\/en\/prices\/#breadcrumb"},"inLanguage":"en-US","potentialAction":[{"@type":"ReadAction","target":["https:\/\/www.teremooreabike.com\/en\/prices\/"]}]},{"@type":"BreadcrumbList","@id":"https:\/\/www.teremooreabike.com\/en\/prices\/#breadcrumb","itemListElement":[{"@type":"ListItem","position":1,"name":"Accueil","item":"https:\/\/www.teremooreabike.com\/en\/home\/"},{"@type":"ListItem","position":2,"name":"Prices"}]},{"@type":"WebSite","@id":"https:\/\/www.teremooreabike.com\/en\/#website","url":"https:\/\/www.teremooreabike.com\/en\/","name":"Tere Moorea Bike - Location de v\u00e9lo \u00e9lectrique \u00e0 Moorea","description":"","publisher":{"@id":"https:\/\/www.teremooreabike.com\/en\/#organization"},"potentialAction":[{"@type":"SearchAction","target":{"@type":"EntryPoint","urlTemplate":"https:\/\/www.teremooreabike.com\/en\/?s={search_term_string}"},"query-input":{"@type":"PropertyValueSpecification","valueRequired":true,"valueName":"search_term_string"}}],"inLanguage":"en-US"},{"@type":"Organization","@id":"https:\/\/www.teremooreabike.com\/en\/#organization","name":"Tere Moorea Bike - Location de v\u00e9lo \u00e9lectrique \u00e0 Moorea","url":"https:\/\/www.teremooreabike.com\/en\/","logo":{"@type":"ImageObject","inLanguage":"en-US","@id":"https:\/\/www.teremooreabike.com\/en\/#\/schema\/logo\/image\/","url":"https:\/\/www.teremooreabike.com\/wp-content\/uploads\/2023\/01\/tere-moorea-bike-logo.png","contentUrl":"https:\/\/www.teremooreabike.com\/wp-content\/uploads\/2023\/01\/tere-moorea-bike-logo.png","width":300,"height":300,"caption":"Tere Moorea Bike - Location de v\u00e9lo \u00e9lectrique \u00e0 Moorea"},"image":{"@id":"https:\/\/www.teremooreabike.com\/en\/#\/schema\/logo\/image\/"},"sameAs":["https:\/\/www.facebook.com\/profile.php?id=100088129905100","https:\/\/www.instagram.com\/tere_moorea_bike\/"]}]}},"_links":{"self":[{"href":"https:\/\/www.teremooreabike.com\/en\/wp-json\/wp\/v2\/pages\/803","targetHints":{"allow":["GET"]}}],"collection":[{"href":"https:\/\/www.teremooreabike.com\/en\/wp-json\/wp\/v2\/pages"}],"about":[{"href":"https:\/\/www.teremooreabike.com\/en\/wp-json\/wp\/v2\/types\/page"}],"author":[{"embeddable":true,"href":"https:\/\/www.teremooreabike.com\/en\/wp-json\/wp\/v2\/users\/1"}],"replies":[{"embeddable":true,"href":"https:\/\/www.teremooreabike.com\/en\/wp-json\/wp\/v2\/comments?post=803"}],"version-history":[{"count":14,"href":"https:\/\/www.teremooreabike.com\/en\/wp-json\/wp\/v2\/pages\/803\/revisions"}],"predecessor-version":[{"id":1386,"href":"https:\/\/www.teremooreabike.com\/en\/wp-json\/wp\/v2\/pages\/803\/revisions\/1386"}],"wp:attachment":[{"href":"https:\/\/www.teremooreabike.com\/en\/wp-json\/wp\/v2\/media?parent=803"}],"curies":[{"name":"wp","href":"https:\/\/api.w.org\/{rel}","templated":true}]}}